{"id":416,"date":"2020-10-23T20:27:01","date_gmt":"2020-10-23T20:27:01","guid":{"rendered":"https:\/\/paolagheis.com\/?page_id=416"},"modified":"2020-10-23T20:30:17","modified_gmt":"2020-10-23T20:30:17","slug":"cookie-policy","status":"publish","type":"page","link":"https:\/\/paolagheis.com\/it\/cookie-policy\/","title":{"rendered":"Cookie Policy"},"content":{"rendered":"\n<p>La presente Cookie Policy \u00e8 relativa al sito https:\/\/paolagheis.com<\/p>\n\n\n\n<p>I cookies sono piccoli file di testo inviati all\u2019utente dal sito web visitato. Vengono memorizzati sull\u2019hard disk del computer,&nbsp;consentendo in questo modo al sito web di riconoscere gli utenti e memorizzare determinate informazioni su di loro, al&nbsp;fine di permettere o migliorare il servizio offerto. Esistono diverse tipologie di cookies. Alcuni sono necessari per poter navigare sul Sito, altri hanno scopi diversi come&nbsp;garantire la sicurezza interna, amministrare il sistema, effettuare analisi statistiche, comprendere quali sono le sezioni&nbsp;del Sito che interessano maggiormente gli utenti o offrire una visita personalizzata del Sito. Il Sito utilizza cookies tecnici e non di profilazione. Quanto precede si riferisce sia al computer dell\u2019utente sia ad ogni&nbsp;altro dispositivo che l\u2019utente pu\u00f2 utilizzare per connettersi al Sito.<\/p>\n\n\n\n<p><strong>Cookies tecnici<\/strong><br>I cookies tecnici sono quelli utilizzati al solo fine di effettuare la trasmissione di una comunicazione su una rete di&nbsp;comunicazione elettronica, o nella misura strettamente necessaria al fornitore di un servizio della societ\u00e0 dell\u2019informazione esplicitamente richiesto dall\u2019abbonato o dall\u2019utente a erogare tale servizio. Essi non vengono utilizzati per scopi ulteriori e sono normalmente installati direttamente dal titolare o gestore del sito&nbsp;web. Possono essere suddivisi in cookies di navigazione o di sessione, che garantiscono la normale navigazione e fruizione&nbsp;del sito web (permettendo, ad esempio, di realizzare un acquisto o autenticarsi per accedere ad aree riservate); cookies&nbsp;analytics, assimilati ai cookies tecnici laddove utilizzati direttamente dal gestore del sito per raccogliere informazioni, in&nbsp;forma aggregata, sul numero degli utenti e su come questi visitano il sito stesso; cookies di funzionalit\u00e0, che permettono&nbsp;all\u2019utente la navigazione in funzione di una serie di criteri selezionati (ad esempio, la lingua, i prodotti selezionati per&nbsp;l\u2019acquisto) al fine di migliorare il servizio reso allo stesso. La disabilitazione dei cookies potrebbe limitare la possibilit\u00e0 di usare il Sito e impedire di beneficiare in pieno delle&nbsp;funzionalit\u00e0 e dei servizi presenti sul Sito. Per decidere quali accettare e quali rifiutare, \u00e8 illustrata di seguito una&nbsp;descrizione dei cookies utilizzati sul Sito.<\/p>\n\n\n\n<p><strong>Tipologie di cookies utilizzati<\/strong><br><em>Cookies di prima parte:<\/em><br>I cookies di prima parte (ovvero i cookies che appartengono al sito dell\u2019editore che li ha creati) sono impostati dal sito&nbsp;web visitato dall\u2019utente, il cui indirizzo compare nella finestra URL. L\u2019utilizzo di tali cookies ci permette di far funzionare il&nbsp;sito in modo efficiente e di tracciare i modelli di comportamento dei visitatori.<\/p>\n\n\n\n<p><em>Cookies di terzi:&nbsp;<\/em>I cookies di terzi sono impostati da un dominio differente da quello visitato dall\u2019utente. Se un utente visita un sito e una&nbsp;societ\u00e0 diversa invia l\u2019informazione sfruttando quel sito, si \u00e8 in presenza di cookies di terze parti.<\/p>\n\n\n\n<p><em>Cookies di sessione:&nbsp;<\/em>I c.d. \u2018cookies di sessione\u2019 sono memorizzati temporaneamente e vengono cancellati quando l\u2019utente chiude il browser. Se l\u2019utente si registra al Sito, pu\u00f2 utilizzare cookies che raccolgono dati personali al fine di identificare l\u2019utente in&nbsp;occasione di visite successive e di facilitare l\u2019accesso \u2013 login al Sito (per esempio conservando username e password&nbsp;dell\u2019utente) e la navigazione sullo stesso. Inoltre PAOLAGHEIS&nbsp;utilizza i cookies per finalit\u00e0 di amministrazione del sistema. Il Sito&nbsp;potrebbe contenere link ad altri siti. PAOLAGHEIS&nbsp;non ha alcun accesso o controllo su cookies, web bacon e altre tecnologie di&nbsp;tracciamento usate sui siti di terzi cui l\u2019utente pu\u00f2 accedere dal Sito, sulla disponibilit\u00e0, su qualsiasi contenuto e&nbsp;materiale che \u00e8 pubblicato o ottenuto attraverso tali siti e sulle relative modalit\u00e0 di trattamento dei dati personali; PAOLAGHEIS&nbsp;a&nbsp;questo proposito, considerata la mole di tali siti terzi, declina espressamente ogni relativa responsabilit\u00e0. L\u2019utente&nbsp;dovrebbe verificare la privacy policy dei siti di terzi cui accede dal Sito per conoscere le condizioni applicabili al&nbsp;trattamento dei dati personali poich\u00e9 la Privacy Policy di PAOLAGHEIS&nbsp;si applica solo al Sito come sopra definito.<\/p>\n\n\n\n<p><em>Cookies persistenti:&nbsp;<\/em>I cookies persistenti sono memorizzati sul dispositivo degli utenti tra le sessioni del browser, consentendo di ricordare le&nbsp;preferenze o le azioni dell\u2019utente in un sito. Possono essere utilizzati per diversi scopi, ad esempio per ricordare le&nbsp;preferenze e le scelte quando si utilizza il Sito.<\/p>\n\n\n\n<p><em>Cookies essenziali:&nbsp;<\/em>Questi cookies sono strettamente necessari per il funzionamento del Sito. Senza l\u2019uso di tali cookies alcune parti del Sito&nbsp;non funzionerebbero. Comprendono, ad esempio, i cookies che consentono di accedere in aree protette del Sito. Questi&nbsp;cookies non raccolgono informazioni per scopi di marketing e non possono essere disattivati.<\/p>\n\n\n\n<p><em>Cookies funzionali:&nbsp;<\/em>Questi cookies servono a riconoscere un utente che torna a visitare il Sito. Permettono di personalizzare i contenuti e&nbsp;ricordate le preferenze (ad esempio, la lingua selezionata o la regione). Questi cookies non raccolgono informazioni che&nbsp;possono identificare l\u2019utente. Tutte le informazioni raccolte sono anonime.<\/p>\n\n\n\n<p><em>Cookies di condivisone sui Social Network:&nbsp;<\/em>Questi cookies facilitano la condivisione dei contenuti del sito attraverso social network quali Facebook e Twitter. Per&nbsp;prendere visione delle rispettive privacy e cookies policies \u00e8 possibile visitare i siti web dei social networks. Nel caso di&nbsp;Facebook e Twitter, l\u2019utente pu\u00f2 visitare&nbsp;https:\/\/www.facebook.com\/help\/cookies Nello specifico, si riporta di seguito la lista dei principali cookies utilizzati sul Sito e relative descrizioni e funzionalit\u00e0,&nbsp;compresa la durata temporale.<\/p>\n\n\n\n<p><strong>1) Tipologia di Cookie: &nbsp;Prima parte Funzionale<\/strong><br>Provenienza:&nbsp;www.paolagheis.com<\/p>\n\n\n\n<p>Finalit\u00e0: Usato da Google per individuare utenti unici<br>Durata: 2 anni<\/p>\n\n\n\n<p><strong>2) Tipologia di Cookie: Prima parte \u2013 Funzionale<\/strong><br>Provenienza:&nbsp;www.paolagheis.com<br>Finalit\u00e0: Usato da google analytics per limitare la frequenza delle richieste<br>Durata: Una sessione<\/p>\n\n\n\n<p><strong>3) Tipologia di Cookie&nbsp; Prima parte \u2013 Funzionale<\/strong><br>Provenienza:&nbsp;www.paolagheis.com<br>Finalit\u00e0: Non classificati<br>Durata: Una sessione<\/p>\n\n\n\n<p><strong>Come modificare le impostazioni sui cookies<\/strong><br>La maggior parte dei browser accetta automaticamente i cookies, ma l\u2019utente normalmente pu\u00f2 modificare le&nbsp;impostazioni per disabilitare tale funzione. E\u2019 possibile bloccare tutte le tipologie di cookies, oppure accettare di riceverne&nbsp;soltanto alcuni e disabilitarne altri. La sezione \u201cOpzioni\u201d o \u201cPreferenze\u201d nel menu del browser permettono di evitare di&nbsp;ricevere cookies e altre tecnologie di tracciamento utente, e come ottenere notifica dal browser dell\u2019attivazione di queste&nbsp;tecnologie. In alternativa, \u00e8 anche possibile consultare la sezione \u201cAiuto\u201d della barra degli strumenti presente nella&nbsp;maggior parte dei browser. \u00c8 anche possibile selezionare il browser che utilizzato dalla lista di seguito e seguire le istruzioni: \u2013&nbsp;<a href=\"https:\/\/support.microsoft.com\/en-us\/kb\/196955\">Internet Explorer<\/a>; \u2013&nbsp;<a href=\"https:\/\/support.google.com\/chrome\/answer\/95647\">Chrome<\/a>; \u2013&nbsp;<a href=\"https:\/\/support.apple.com\/it-it\/HT201265\">Safari<\/a>; \u2013&nbsp;<a href=\"https:\/\/support.mozilla.org\/it\/kb\/Attivare%2520e%2520disattivare%2520i%2520cookie\">Firefox<\/a>; \u2013&nbsp;<a href=\"http:\/\/help.opera.com\/Windows\/10.00\/it\/cookies.html\">Opera<\/a>. Da apparecchi mobili: \u2013&nbsp;<a href=\"https:\/\/support.google.com\/chrome\/answer\/2392971?hl=it\">Android<\/a>; \u2013&nbsp;<a href=\"https:\/\/support.apple.com\/it-it\/HT201265\">Safari<\/a>; \u2013<a href=\"http:\/\/www.windowsphone.com\/it-it\/how-to\/wp7\/web\/changing-privacy-and-other-browser-settings\">Windows Phone;<\/a>&nbsp;\u2013&nbsp;<a href=\"http:\/\/docs.blackberry.com\/it-it\/smartphone_users\/deliverables\/47568\/mwa1334238823957.jsp\">Blackberry<\/a>.<\/p>\n\n\n\n<p>Per maggiori informazioni sui cookie e per gestire le preferenze sui cookie (di prima e\/o terza parte) si invitano gli utenti&nbsp;a visitare anche la piattaforma&nbsp;<a href=\"http:\/\/www.youronlinechoices.com\/\">www.youronlinechoices.com<\/a>.<\/p>\n\n\n\n<p>Si ricorda per\u00f2 che la disabilitazione dei cookie di&nbsp;navigazione o quelli funzionali pu\u00f2 causare il malfunzionamento del Sito e\/o limitare il servizio offerto da PAOLAGHEIS.<\/p>\n","protected":false},"excerpt":{"rendered":"<p>La presente Cookie Policy \u00e8 relativa al sito https:\/\/paolagheis.com I cookies sono piccoli file di testo inviati all\u2019utente dal sito web visitato. Vengono memorizzati sull\u2019hard disk del computer,&nbsp;consentendo in questo modo al sito web di riconoscere gli utenti e memorizzare determinate informazioni su di loro, al&nbsp;fine di permettere o migliorare il servizio offerto. Esistono diverse [&hellip;]<\/p>\n","protected":false},"author":2,"featured_media":0,"parent":0,"menu_order":0,"comment_status":"closed","ping_status":"closed","template":"gutenberg-page-template.php","meta":{"_genesis_hide_title":false,"_genesis_hide_breadcrumbs":false,"_genesis_hide_singular_image":false,"_genesis_hide_footer_widgets":false,"_genesis_custom_body_class":"naked-landing","_genesis_custom_post_class":"","_genesis_layout":"","footnotes":""},"class_list":{"0":"post-416","1":"page","2":"type-page","3":"status-publish","5":"entry"},"yoast_head":"<!-- This site is optimized with the Yoast SEO plugin v27.3 - https:\/\/yoast.com\/product\/yoast-seo-wordpress\/ -->\n<title>Cookie Policy - Paola Gheis | Luxury Rental Consulting<\/title>\n<meta name=\"robots\" content=\"index, follow, max-snippet:-1, max-image-preview:large, max-video-preview:-1\" \/>\n<link rel=\"canonical\" href=\"https:\/\/paolagheis.com\/it\/cookie-policy\/\" \/>\n<meta property=\"og:locale\" content=\"it_IT\" \/>\n<meta property=\"og:type\" content=\"article\" \/>\n<meta property=\"og:title\" content=\"Cookie Policy - Paola Gheis | Luxury Rental Consulting\" \/>\n<meta property=\"og:description\" content=\"La presente Cookie Policy \u00e8 relativa al sito https:\/\/paolagheis.com I cookies sono piccoli file di testo inviati all\u2019utente dal sito web visitato. Vengono memorizzati sull\u2019hard disk del computer,&nbsp;consentendo in questo modo al sito web di riconoscere gli utenti e memorizzare determinate informazioni su di loro, al&nbsp;fine di permettere o migliorare il servizio offerto. Esistono diverse [&hellip;]\" \/>\n<meta property=\"og:url\" content=\"https:\/\/paolagheis.com\/it\/cookie-policy\/\" \/>\n<meta property=\"og:site_name\" content=\"Paola Gheis | Luxury Rental Consulting\" \/>\n<meta property=\"article:modified_time\" content=\"2020-10-23T20:30:17+00:00\" \/>\n<meta name=\"twitter:card\" content=\"summary_large_image\" \/>\n<meta name=\"twitter:label1\" content=\"Tempo di lettura stimato\" \/>\n\t<meta name=\"twitter:data1\" content=\"6 minuti\" \/>\n<script type=\"application\/ld+json\" class=\"yoast-schema-graph\">{\"@context\":\"https:\\\/\\\/schema.org\",\"@graph\":[{\"@type\":\"WebPage\",\"@id\":\"https:\\\/\\\/paolagheis.com\\\/it\\\/cookie-policy\\\/\",\"url\":\"https:\\\/\\\/paolagheis.com\\\/it\\\/cookie-policy\\\/\",\"name\":\"Cookie Policy - Paola Gheis | Luxury Rental Consulting\",\"isPartOf\":{\"@id\":\"https:\\\/\\\/paolagheis.com\\\/#website\"},\"datePublished\":\"2020-10-23T20:27:01+00:00\",\"dateModified\":\"2020-10-23T20:30:17+00:00\",\"breadcrumb\":{\"@id\":\"https:\\\/\\\/paolagheis.com\\\/it\\\/cookie-policy\\\/#breadcrumb\"},\"inLanguage\":\"it-IT\",\"potentialAction\":[{\"@type\":\"ReadAction\",\"target\":[\"https:\\\/\\\/paolagheis.com\\\/it\\\/cookie-policy\\\/\"]}]},{\"@type\":\"BreadcrumbList\",\"@id\":\"https:\\\/\\\/paolagheis.com\\\/it\\\/cookie-policy\\\/#breadcrumb\",\"itemListElement\":[{\"@type\":\"ListItem\",\"position\":1,\"name\":\"Home\",\"item\":\"https:\\\/\\\/paolagheis.com\\\/it\\\/front-page-it\\\/\"},{\"@type\":\"ListItem\",\"position\":2,\"name\":\"Cookie Policy\"}]},{\"@type\":\"WebSite\",\"@id\":\"https:\\\/\\\/paolagheis.com\\\/#website\",\"url\":\"https:\\\/\\\/paolagheis.com\\\/\",\"name\":\"Paola Gheis | Luxury Rental Consulting\",\"description\":\"\",\"publisher\":{\"@id\":\"https:\\\/\\\/paolagheis.com\\\/#organization\"},\"potentialAction\":[{\"@type\":\"SearchAction\",\"target\":{\"@type\":\"EntryPoint\",\"urlTemplate\":\"https:\\\/\\\/paolagheis.com\\\/?s={search_term_string}\"},\"query-input\":{\"@type\":\"PropertyValueSpecification\",\"valueRequired\":true,\"valueName\":\"search_term_string\"}}],\"inLanguage\":\"it-IT\"},{\"@type\":\"Organization\",\"@id\":\"https:\\\/\\\/paolagheis.com\\\/#organization\",\"name\":\"Paola Gheis | Luxury Rental Consulting\",\"url\":\"https:\\\/\\\/paolagheis.com\\\/\",\"logo\":{\"@type\":\"ImageObject\",\"inLanguage\":\"it-IT\",\"@id\":\"https:\\\/\\\/paolagheis.com\\\/#\\\/schema\\\/logo\\\/image\\\/\",\"url\":\"https:\\\/\\\/paolagheis.com\\\/wp-content\\\/uploads\\\/2020\\\/10\\\/paolagheis-logo-white.png\",\"contentUrl\":\"https:\\\/\\\/paolagheis.com\\\/wp-content\\\/uploads\\\/2020\\\/10\\\/paolagheis-logo-white.png\",\"width\":8367,\"height\":2071,\"caption\":\"Paola Gheis | Luxury Rental Consulting\"},\"image\":{\"@id\":\"https:\\\/\\\/paolagheis.com\\\/#\\\/schema\\\/logo\\\/image\\\/\"}}]}<\/script>\n<!-- \/ Yoast SEO plugin. -->","yoast_head_json":{"title":"Cookie Policy - Paola Gheis | Luxury Rental Consulting","robots":{"index":"index","follow":"follow","max-snippet":"max-snippet:-1","max-image-preview":"max-image-preview:large","max-video-preview":"max-video-preview:-1"},"canonical":"https:\/\/paolagheis.com\/it\/cookie-policy\/","og_locale":"it_IT","og_type":"article","og_title":"Cookie Policy - Paola Gheis | Luxury Rental Consulting","og_description":"La presente Cookie Policy \u00e8 relativa al sito https:\/\/paolagheis.com I cookies sono piccoli file di testo inviati all\u2019utente dal sito web visitato. Vengono memorizzati sull\u2019hard disk del computer,&nbsp;consentendo in questo modo al sito web di riconoscere gli utenti e memorizzare determinate informazioni su di loro, al&nbsp;fine di permettere o migliorare il servizio offerto. Esistono diverse [&hellip;]","og_url":"https:\/\/paolagheis.com\/it\/cookie-policy\/","og_site_name":"Paola Gheis | Luxury Rental Consulting","article_modified_time":"2020-10-23T20:30:17+00:00","twitter_card":"summary_large_image","twitter_misc":{"Tempo di lettura stimato":"6 minuti"},"schema":{"@context":"https:\/\/schema.org","@graph":[{"@type":"WebPage","@id":"https:\/\/paolagheis.com\/it\/cookie-policy\/","url":"https:\/\/paolagheis.com\/it\/cookie-policy\/","name":"Cookie Policy - Paola Gheis | Luxury Rental Consulting","isPartOf":{"@id":"https:\/\/paolagheis.com\/#website"},"datePublished":"2020-10-23T20:27:01+00:00","dateModified":"2020-10-23T20:30:17+00:00","breadcrumb":{"@id":"https:\/\/paolagheis.com\/it\/cookie-policy\/#breadcrumb"},"inLanguage":"it-IT","potentialAction":[{"@type":"ReadAction","target":["https:\/\/paolagheis.com\/it\/cookie-policy\/"]}]},{"@type":"BreadcrumbList","@id":"https:\/\/paolagheis.com\/it\/cookie-policy\/#breadcrumb","itemListElement":[{"@type":"ListItem","position":1,"name":"Home","item":"https:\/\/paolagheis.com\/it\/front-page-it\/"},{"@type":"ListItem","position":2,"name":"Cookie Policy"}]},{"@type":"WebSite","@id":"https:\/\/paolagheis.com\/#website","url":"https:\/\/paolagheis.com\/","name":"Paola Gheis | Luxury Rental Consulting","description":"","publisher":{"@id":"https:\/\/paolagheis.com\/#organization"},"potentialAction":[{"@type":"SearchAction","target":{"@type":"EntryPoint","urlTemplate":"https:\/\/paolagheis.com\/?s={search_term_string}"},"query-input":{"@type":"PropertyValueSpecification","valueRequired":true,"valueName":"search_term_string"}}],"inLanguage":"it-IT"},{"@type":"Organization","@id":"https:\/\/paolagheis.com\/#organization","name":"Paola Gheis | Luxury Rental Consulting","url":"https:\/\/paolagheis.com\/","logo":{"@type":"ImageObject","inLanguage":"it-IT","@id":"https:\/\/paolagheis.com\/#\/schema\/logo\/image\/","url":"https:\/\/paolagheis.com\/wp-content\/uploads\/2020\/10\/paolagheis-logo-white.png","contentUrl":"https:\/\/paolagheis.com\/wp-content\/uploads\/2020\/10\/paolagheis-logo-white.png","width":8367,"height":2071,"caption":"Paola Gheis | Luxury Rental Consulting"},"image":{"@id":"https:\/\/paolagheis.com\/#\/schema\/logo\/image\/"}}]}},"featured_image_src":null,"featured_image_src_square":null,"_links":{"self":[{"href":"https:\/\/paolagheis.com\/it\/wp-json\/wp\/v2\/pages\/416","targetHints":{"allow":["GET"]}}],"collection":[{"href":"https:\/\/paolagheis.com\/it\/wp-json\/wp\/v2\/pages"}],"about":[{"href":"https:\/\/paolagheis.com\/it\/wp-json\/wp\/v2\/types\/page"}],"author":[{"embeddable":true,"href":"https:\/\/paolagheis.com\/it\/wp-json\/wp\/v2\/users\/2"}],"replies":[{"embeddable":true,"href":"https:\/\/paolagheis.com\/it\/wp-json\/wp\/v2\/comments?post=416"}],"version-history":[{"count":2,"href":"https:\/\/paolagheis.com\/it\/wp-json\/wp\/v2\/pages\/416\/revisions"}],"predecessor-version":[{"id":418,"href":"https:\/\/paolagheis.com\/it\/wp-json\/wp\/v2\/pages\/416\/revisions\/418"}],"wp:attachment":[{"href":"https:\/\/paolagheis.com\/it\/wp-json\/wp\/v2\/media?parent=416"}],"curies":[{"name":"wp","href":"https:\/\/api.w.org\/{rel}","templated":true}]}}